{"id":2174,"date":"2024-06-22T13:49:41","date_gmt":"2024-06-22T11:49:41","guid":{"rendered":"https:\/\/www.pietervanmunster.de\/?page_id=2174"},"modified":"2025-05-29T12:30:56","modified_gmt":"2025-05-29T10:30:56","slug":"impressum","status":"publish","type":"page","link":"https:\/\/www.pietervanmunster.de\/index.php\/mehr\/impressum\/","title":{"rendered":"IMPRESSUM"},"content":{"rendered":"\n<h2 class=\"wp-block-heading\">Angaben gem\u00e4\u00df \u00a7 5 TMG<\/h2>\n\n\n\n<p><strong>Pieter van Munster, Fotograf<br><\/strong>Pieter van Munster<br>Werastr. 24 (nur B\u00fcro kein STUDIO)<br>D-71088 Holzgerlingen<\/p>\n\n\n\n<p>Telefon: +49 (0) 7031 740819&nbsp;&nbsp;<br>E-Mail: fotograf@pietervanmunster.de<br>Umsatzsteuer-ID: DE 145059127<\/p>\n\n\n\n<h2 class=\"wp-block-heading\">Berufsbezeichnung und berufsrechtliche Regelungen<\/h2>\n\n\n\n<p>Berufsbezeichnung:<br>Fotografenmeister, verliehen in Deutschland<\/p>\n\n\n\n<p>Zust\u00e4ndige Kammer:<br>Handwerkskammer Region Stuttgart<br>Heilbronner Str. 43<br>D-70191 Stuttgart<\/p>\n\n\n\n<h2 class=\"wp-block-heading\">Verantwortlich f\u00fcr den Inhalt<\/h2>\n\n\n\n<p>Pieter van Munster\u00a0<br>Werastr. 24<br>D-71088 Holzgerlingen<\/p>\n\n\n\n<h2 class=\"wp-block-heading\">Haftung f\u00fcr Inhalte<\/h2>\n\n\n\n<p>Als Diensteanbieter bin ich gem\u00e4\u00df \u00a7 7 Abs.1 TMG f\u00fcr eigene Inhalte auf diesen Seiten nach den allgemeinen Gesetzen verantwortlich. Nach \u00a7\u00a7 8 bis 10 TMG sbin ich als Diensteanbieter jedoch nicht verpflichtet, \u00fcbermittelte oder gespeicherte fremde Informationen zu \u00fcberwachen oder nach Umst\u00e4nden zu forschen, die auf eine rechtswidrige T\u00e4tigkeit hinweisen. Verpflichtungen zur Entfernung oder Sperrung der Nutzung von Informationen nach den allgemeinen Gesetzen bleiben hiervon unber\u00fchrt. Eine diesbez\u00fcgliche Haftung ist jedoch erst ab dem Zeitpunkt der Kenntnis einer konkreten Rechtsverletzung m\u00f6glich. Bei Bekanntwerden von entsprechenden Rechtsverletzungen werde ich diese Inhalte umgehend entfernen.<\/p>\n\n\n\n<h2 class=\"wp-block-heading\">Haftung f\u00fcr Links<\/h2>\n\n\n\n<p>Unser Angebot enth\u00e4lt Links zu externen Websites Dritter, auf deren Inhalte ich keinen Einfluss habe. Deshalb kann ich f\u00fcr diese fremden Inhalte auch keine Gew\u00e4hr \u00fcbernehmen. F\u00fcr die Inhalte der verlinkten Seiten ist stets der jeweilige Anbieter oder Betreiber der Seiten verantwortlich. Die verlinkten Seiten wurden zum Zeitpunkt der Verlinkung auf m\u00f6gliche Rechtsverst\u00f6\u00dfe \u00fcberpr\u00fcft. Rechtswidrige Inhalte waren zum Zeitpunkt der Verlinkung nicht erkennbar. Eine permanente inhaltliche Kontrolle der verlinkten Seiten ist jedoch ohne konkrete Anhaltspunkte einer Rechtsverletzung nicht zumutbar. Bei Bekanntwerden von Rechtsverletzungen werde ich derartige Links umgehend entfernen.<\/p>\n\n\n\n<h2 class=\"wp-block-heading\">Urheberrecht<\/h2>\n\n\n\n<p>Die durch die Seitenbetreiber erstellten Inhalte und Werke auf diesen Seiten unterliegen dem deutschen Urheberrecht. Die Vervielf\u00e4ltigung, Bearbeitung, Verbreitung und jede Art der Verwertung au\u00dferhalb der Grenzen des Urheberrechtes bed\u00fcrfen der schriftlichen Zustimmung des jeweiligen Autors bzw. Erstellers. Downloads und Kopien dieser Seite sind nur f\u00fcr den privaten, nicht kommerziellen Gebrauch gestattet. Soweit die Inhalte auf dieser Seite nicht vom Betreiber erstellt wurden, werden die Urheberrechte Dritter beachtet. Insbesondere werden Inhalte Dritter als solche gekennzeichnet. Sollten Sie trotzdem auf eine Urheberrechtsverletzung aufmerksam werden, bitte ich um einen entsprechenden Hinweis. Bei Bekanntwerden von Rechtsverletzungen werde ich derartige Inhalte umgehend entfernen.<\/p>\n\n\n\n<h2 class=\"wp-block-heading\">Datenschutz<\/h2>\n\n\n\n<p>Pers\u00f6nliche Daten erhebe, verarbeite und nutze ich nur, wenn Sie uns diese Angaben von sich aus mitteilen. Die von Ihnen zur Verf\u00fcgung gestellten pers\u00f6nlichen Daten werde ich ohne Ihre ausdr\u00fcckliche Zustimmung nicht an Dritte weitergeben.<\/p>\n\n\n\n<h2 class=\"wp-block-heading\">Verbraucherstreitbeilegung\/<br>Universalschlichtungsstelle<\/h2>\n\n\n\n<p>Ich bin nicht bereit oder verpflichtet, an Streitbeilegungsverfahren vor einer&nbsp;Verbraucherschlichtungsstelle teilzunehmen.<\/p>\n\n\n\n<p>Die Europ\u00e4ische Kommission stellt eine Plattform zur Online-Streitbeilegung (OS) bereit.<br>Die Plattform finden Sie unter&nbsp;<a href=\"https:\/\/ec.europa.eu\/consumers\/odr\/\">https:\/\/ec.europa.eu\/consumers\/odr\/<\/a><\/p>\n","protected":false},"excerpt":{"rendered":"<p>Angaben gem\u00e4\u00df \u00a7 5 TMG Pieter van Munster, FotografPieter van MunsterWerastr. 24 (nur B\u00fcro kein STUDIO)D-71088 Holzgerlingen Telefon: +49 (0) 7031 740819&nbsp;&nbsp;E-Mail: fotograf@pietervanmunster.deUmsatzsteuer-ID: DE 145059127 Berufsbezeichnung und berufsrechtliche Regelungen Berufsbezeichnung:Fotografenmeister, verliehen in Deutschland Zust\u00e4ndige Kammer:Handwerkskammer Region StuttgartHeilbronner Str. 43D-70191 Stuttgart Verantwortlich f\u00fcr den Inhalt Pieter van Munster\u00a0Werastr. 24D-71088 Holzgerlingen Haftung f\u00fcr Inhalte Als Diensteanbieter bin&#8230; <span class=\"more\"><a class=\"more-link\" href=\"https:\/\/www.pietervanmunster.de\/index.php\/mehr\/impressum\/\">Read More<\/a><\/span><\/p>\n","protected":false},"author":1,"featured_media":0,"parent":2179,"menu_order":1,"comment_status":"closed","ping_status":"closed","template":"","meta":{"footnotes":""},"class_list":["post-2174","page","type-page","status-publish","hentry"],"_links":{"self":[{"href":"https:\/\/www.pietervanmunster.de\/index.php\/wp-json\/wp\/v2\/pages\/2174","targetHints":{"allow":["GET"]}}],"collection":[{"href":"https:\/\/www.pietervanmunster.de\/index.php\/wp-json\/wp\/v2\/pages"}],"about":[{"href":"https:\/\/www.pietervanmunster.de\/index.php\/wp-json\/wp\/v2\/types\/page"}],"author":[{"embeddable":true,"href":"https:\/\/www.pietervanmunster.de\/index.php\/wp-json\/wp\/v2\/users\/1"}],"replies":[{"embeddable":true,"href":"https:\/\/www.pietervanmunster.de\/index.php\/wp-json\/wp\/v2\/comments?post=2174"}],"version-history":[{"count":7,"href":"https:\/\/www.pietervanmunster.de\/index.php\/wp-json\/wp\/v2\/pages\/2174\/revisions"}],"predecessor-version":[{"id":2649,"href":"https:\/\/www.pietervanmunster.de\/index.php\/wp-json\/wp\/v2\/pages\/2174\/revisions\/2649"}],"up":[{"embeddable":true,"href":"https:\/\/www.pietervanmunster.de\/index.php\/wp-json\/wp\/v2\/pages\/2179"}],"wp:attachment":[{"href":"https:\/\/www.pietervanmunster.de\/index.php\/wp-json\/wp\/v2\/media?parent=2174"}],"curies":[{"name":"wp","href":"https:\/\/api.w.org\/{rel}","templated":true}]}}